{"id":17132,"date":"2023-06-08T07:15:57","date_gmt":"2023-06-08T07:15:57","guid":{"rendered":"http:\/\/10.20.0.24\/?page_id=13"},"modified":"2025-01-27T14:33:30","modified_gmt":"2025-01-27T13:33:30","slug":"historia","status":"publish","type":"page","link":"https:\/\/www.emmsa.com.pe\/index.php\/historia\/","title":{"rendered":"Historia"},"content":{"rendered":"\t\t<div data-elementor-type=\"wp-page\" data-elementor-id=\"17132\" class=\"elementor elementor-17132\" data-elementor-post-type=\"page\">\n\t\t\t\t\t\t<section class=\"elementor-section elementor-top-section elementor-element elementor-element-f565e6e elementor-section-boxed elementor-section-height-default elementor-section-height-default\" data-id=\"f565e6e\" data-element_type=\"section\">\n\t\t\t\t\t\t<div class=\"elementor-container elementor-column-gap-default\">\n\t\t\t\t\t<div class=\"elementor-column elementor-col-100 elementor-top-column elementor-element elementor-element-3c652c4\" data-id=\"3c652c4\" data-element_type=\"column\">\n\t\t\t<div class=\"elementor-widget-wrap elementor-element-populated\">\n\t\t\t\t\t\t<div class=\"elementor-element elementor-element-700841f elementor-widget elementor-widget-gimont_elementor_heading\" data-id=\"700841f\" data-element_type=\"widget\" data-widget_type=\"gimont_elementor_heading.default\">\n\t\t\t\t<div class=\"elementor-widget-container\">\n\t\t\t\n\t\t\t<div class=\"ova-heading template_1\">\n\t\t\t\t\t\t\t\t\t\t\t\t\t\t\t<span class=\"line\"><\/span>\n\t\t\t\t\t\t\t\t\t\t<span class=\"subtitle\">NUESTRA HISTORIA<\/span>\n\t\t\t\t\t\t\t\t\t\t\t\t\t\n\t\t\t\t\t\t\t\t\t\t\t\t\t\t\t<h2 class=\"title\">Empresa Municipal de Mercados SA.<\/h2>\n\t\t\t\t\t\t\t\t\t\t\n\t\t\t\t\t\t\t\t\n\t\t\t\t\n\t\t\t<\/div>\n\n\t\t\t\t<\/div>\n\t\t\t\t<\/div>\n\t\t\t\t\t<\/div>\n\t\t<\/div>\n\t\t\t\t\t<\/div>\n\t\t<\/section>\n\t\t\t\t<section class=\"elementor-section elementor-top-section elementor-element elementor-element-7b75c74 elementor-section-boxed elementor-section-height-default elementor-section-height-default\" data-id=\"7b75c74\" data-element_type=\"section\">\n\t\t\t\t\t\t<div class=\"elementor-container elementor-column-gap-default\">\n\t\t\t\t\t<div class=\"elementor-column elementor-col-100 elementor-top-column elementor-element elementor-element-94dfa71\" data-id=\"94dfa71\" data-element_type=\"column\">\n\t\t\t<div class=\"elementor-widget-wrap elementor-element-populated\">\n\t\t\t\t\t\t<div class=\"elementor-element elementor-element-c9744d1 elementor-widget elementor-widget-gimont_elementor_road_map\" data-id=\"c9744d1\" data-element_type=\"widget\" data-widget_type=\"gimont_elementor_road_map.default\">\n\t\t\t\t<div class=\"elementor-widget-container\">\n\t\t\t\n\t\t<div class=\"ova-road-map template_1\">\n\t\t\t<div class=\"road-map-wrapper\">\n\n\t\t\t\t\t\t\t\t\t<div class=\"timeline-column\">\n\t\t\t\t\t\t\t\t\t\t\t\t\t\t\t\t\t\t\t\t\t<div class=\"timeline-item timeline-item-left \">\n\t\t\t\t\t\t\t\t\t<div class=\"timeline-image\">\n\t\t\t\t\t\t\t\t\t\t<img decoding=\"async\" src=\"https:\/\/www.emmsa.com.pe\/wp-content\/uploads\/2024\/09\/emmsa-antigua.jpg\" alt=\"\"\n\t\t\t\t\t\t\t\t\t\ttitle=\"emmsa antigua\">\n\t\t\t\t\t\t\t\t\t<\/div>\n\t\t\t\t\t\t\t\t\t<div class=\"timeline-info\">\n\t\t\t\t\t\t\t\t\t\t<div class=\"content-info\" \n\t\t\t\t\t\t\t\t\t\t\tdata-animation='{\"animation\":\"\",\"duration\":\"\",\"delay\":\"\"}'>\n\n\t\t\t\t\t\t\t\t\t\t\t\t\t\t\t\t\t\t\t\t\t\t\t<div class=\"date\">\n\t\t\t\t\t\t\t\t\t\t\t\t\t10 abril 1980\t\t\t\t\t\t\t\t\t\t\t\t<\/div>\n\t\t\t\t\t\t\t\t\t\t\t\t\t\t\t\t\t\t\t\t\t\t<div class=\"timeline-content\">\n\t\t\t\t\t\t\t\t\t\t\t\t<h3 class=\"title\">Historia de Emmsa<\/h3>\n\t\t\t\t\t\t\t\t\t\t\t\t<p class=\"desc\">La Empresa de Mercados Mayoristas S.A. (EMMSA) tiene inicio en el a\u00f1o 1980, a ra\u00edz de la liquidaci\u00f3n de la Empresa P\u00fablica de Servicios Agropecuarios (EPSA), como una empresa de propiedad directa del Estado asignada al Ministerio de Agricultura, hasta que mediante Decreto Supremo N\u00b0 209-85-EF del 17 de mayo de 1985, sus acciones fueron transferidas en propiedad a Inversiones COFIDE S.A (ICSA). En diciembre de 1987 mediante contrato de compra \u2013 venta, ICSA transfiere la totalidad de las acciones de EMMSA a favor del Concejo Provincial de Lima.<\/p>\n\t\t\t\t\t\t\t\t\t\t\t<\/div>\n\t\t\t\t\t\t\t\t\t\t<\/div>\n\t\t\t\t\t\t\t\t\t<\/div>\n\t\t\t\t\t\t\t\t<\/div>\n\t\t\t\t\t\t\t\t\t\t\t\t\t\t\t\t\t\t\t\t\t\t<div class=\"timeline-item timeline-item-right \">\n\t\t\t\t\t\t\t\t\t<div class=\"timeline-info\">\n\t\t\t\t\t\t\t\t\t\t<div class=\"content-info\" \n\t\t\t\t\t\t\t\t\t\tdata-animation='{\"animation\":\"\",\"duration\":\"\",\"delay\":\"\"}'>\n\n\t\t\t\t\t\t\t\t\t\t\t\t\t\t\t\t\t\t\t\t\t\t\t<div class=\"date\">\n\t\t\t\t\t\t\t\t\t\t\t\t\t26 enero 1989\t\t\t\t\t\t\t\t\t\t\t\t<\/div>\n\t\t\t\t\t\t\t\t\t\t\t\n\t\t\t\t\t\t\t\t\t\t\t<div class=\"timeline-content\">\n\t\t\t\t\t\t\t\t\t\t\t\t<h3 class=\"title\">Empresa de derecho privado<\/h3>\n\t\t\t\t\t\t\t\t\t\t\t\t<p class=\"desc\">De esta manera, bajo el Acuerdo N\u00ba 023 del Consejo Provincial de Lima de fecha 26 de enero de 1989; EMMSA fue incorporada como una empresa municipal de derecho privado, organizada bajo la forma de sociedad an\u00f3nima con autonom\u00eda econ\u00f3mica y administrativa, y con acciones de propiedad directa de la Municipalidad de Lima Metropolitana. EMMSA se rige por su Estatuto Social, las disposiciones de car\u00e1cter presupuestal emitidas por la Direcci\u00f3n Nacional de Presupuesto P\u00fablico, y en forma supletoria por la Ley General de Sociedades N\u00b0 26887; asimismo, EMMSA est\u00e1 sujeta al control del Consejo Metropolitano, de acuerdo a lo dispuesto en la Ley N\u00b0 27972 \u2013 Ley Org\u00e1nica de Municipalidades y Ley Org\u00e1nica del Sistema Nacional de Control y de la Contralor\u00eda General de la Rep\u00fablica \u2013 Ley N\u00b0 27785.<\/p>\n\t\t\t\t\t\t\t\t\t\t\t<\/div>\n\t\t\t\t\t\t\t\t\t\t<\/div>\n\t\t\t\t\t\t\t\t\t<\/div>\n\t\t\t\t\t\t\t\t\t<div class=\"timeline-image\">\n\t\t\t\t\t\t\t\t\t\t<img decoding=\"async\" src=\"https:\/\/www.emmsa.com.pe\/wp-content\/uploads\/2024\/09\/emmsa-antigua2.jpg\" alt=\"\">\n\t\t\t\t\t\t\t\t\t<\/div>\n\t\t\t\t\t\t\t\t<\/div>\n\t\t\t\t\t\t\t\t\t\t\t\t\t\t\t\t\t\t\t\t\t<div class=\"timeline-item timeline-item-left \">\n\t\t\t\t\t\t\t\t\t<div class=\"timeline-image\">\n\t\t\t\t\t\t\t\t\t\t<img decoding=\"async\" src=\"https:\/\/www.emmsa.com.pe\/wp-content\/uploads\/2025\/01\/DJI_20250120224950_0017_D-1-scaled.jpg\" alt=\"\"\n\t\t\t\t\t\t\t\t\t\ttitle=\"DJI_20250120224950_0017_D (1)\">\n\t\t\t\t\t\t\t\t\t<\/div>\n\t\t\t\t\t\t\t\t\t<div class=\"timeline-info\">\n\t\t\t\t\t\t\t\t\t\t<div class=\"content-info\" \n\t\t\t\t\t\t\t\t\t\t\tdata-animation='{\"animation\":\"\",\"duration\":\"\",\"delay\":\"\"}'>\n\n\t\t\t\t\t\t\t\t\t\t\t\t\t\t\t\t\t\t\t\t\t\t\t<div class=\"date\">\n\t\t\t\t\t\t\t\t\t\t\t\t\t23 marzo 2004\t\t\t\t\t\t\t\t\t\t\t\t<\/div>\n\t\t\t\t\t\t\t\t\t\t\t\t\t\t\t\t\t\t\t\t\t\t<div class=\"timeline-content\">\n\t\t\t\t\t\t\t\t\t\t\t\t<h3 class=\"title\">Cambio de denominaci\u00f3n<\/h3>\n\t\t\t\t\t\t\t\t\t\t\t\t<p class=\"desc\">Fue a partir del 23 de marzo del 2004, que la Empresa de Mercados Mayoristas S.A. (EMMSA) cambio su denominaci\u00f3n por la de Empresa Municipal de Mercados S.A. (EMMSA), ampliando de esta manera sus funciones.\nEn tal sentido, EMMSA tiene por objetivo dedicarse a la administraci\u00f3n, control, supervisi\u00f3n y direcci\u00f3n de los mercados p\u00fablicos, sean estos mayoristas o minoristas, existentes en la Provincia de Lima; promocionar y participar en la construcci\u00f3n de nuevos mercados con la finalidad que se garantice el abastecimiento de productos alimenticios en general para la ciudad de Lima; asimismo, la sociedad podr\u00e1 normar los reg\u00edmenes internos de administraci\u00f3n de cada uno de estos mercados, conceder el uso de sus instalaciones y otorgar los contratos de concesi\u00f3n respectivos, fijar las obligaciones y derechos de los concesionarios, fijar el r\u00e9gimen compensatorio por tales concesiones y dem\u00e1s asuntos conexos y\/o afines con los entes enunciados.<\/p>\n\t\t\t\t\t\t\t\t\t\t\t<\/div>\n\t\t\t\t\t\t\t\t\t\t<\/div>\n\t\t\t\t\t\t\t\t\t<\/div>\n\t\t\t\t\t\t\t\t<\/div>\n\t\t\t\t\t\t\t\t\t\t\t\t\t\t\t\t\t\t\t\t\t\t<div class=\"timeline-item timeline-item-right \">\n\t\t\t\t\t\t\t\t\t<div class=\"timeline-info\">\n\t\t\t\t\t\t\t\t\t\t<div class=\"content-info\" \n\t\t\t\t\t\t\t\t\t\tdata-animation='{\"animation\":\"\",\"duration\":\"slow\",\"delay\":500}'>\n\n\t\t\t\t\t\t\t\t\t\t\t\t\t\t\t\t\t\t\t\t\t\t\t<div class=\"date\">\n\t\t\t\t\t\t\t\t\t\t\t\t\t05 diciembre 2008\t\t\t\t\t\t\t\t\t\t\t\t<\/div>\n\t\t\t\t\t\t\t\t\t\t\t\n\t\t\t\t\t\t\t\t\t\t\t<div class=\"timeline-content\">\n\t\t\t\t\t\t\t\t\t\t\t\t<h3 class=\"title\">Primera ejecuci\u00f3n realizada<\/h3>\n\t\t\t\t\t\t\t\t\t\t\t\t<p class=\"desc\">EMMSA desde fines del 2008, por encargo de la Municipalidad Metropolitana de Lima, tiene a su cargo la ejecuci\u00f3n del Proyecto Ampliaci\u00f3n y Remodelaci\u00f3n del Gran Mercado Mayorista de Lima ubicado en el Distrito de Santa Anita, con lo que se espera lograr dar soluci\u00f3n al problema del abastecimiento, comercializaci\u00f3n y distribuci\u00f3n de productos agr\u00edcolas perecibles en Lima Metropolitana en beneficio de una poblaci\u00f3n en constante crecimiento que impulsan cada vez a una mayor demanda de alimentos.<\/p>\n\t\t\t\t\t\t\t\t\t\t\t<\/div>\n\t\t\t\t\t\t\t\t\t\t<\/div>\n\t\t\t\t\t\t\t\t\t<\/div>\n\t\t\t\t\t\t\t\t\t<div class=\"timeline-image\">\n\t\t\t\t\t\t\t\t\t\t<img decoding=\"async\" src=\"https:\/\/www.emmsa.com.pe\/wp-content\/uploads\/2024\/08\/da0d57fa92476b15.jpg\" alt=\"\">\n\t\t\t\t\t\t\t\t\t<\/div>\n\t\t\t\t\t\t\t\t<\/div>\n\t\t\t\t\t\t\t\t\t\t\t<\/div>\n\t\t\t\t\n\t\t\t<\/div>\n\t\t<\/div>\n\t\t \t\n\t\t\t\t<\/div>\n\t\t\t\t<\/div>\n\t\t\t\t<div class=\"elementor-element elementor-element-25227b7 elementor-widget elementor-widget-gimont_elementor_heading\" data-id=\"25227b7\" data-element_type=\"widget\" data-widget_type=\"gimont_elementor_heading.default\">\n\t\t\t\t<div class=\"elementor-widget-container\">\n\t\t\t\n\t\t\t<div class=\"ova-heading template_1\">\n\t\t\t\t\t\t\t\t\t\t\t\t\t\t\t<span class=\"line\"><\/span>\n\t\t\t\t\t\t\t\t\t\t<span class=\"subtitle\">EMMSA<\/span>\n\t\t\t\t\t\t\t\t\t\t\t\t\t\n\t\t\t\t\t\t\t\t\t\t\t\t\t\t\t<h2 class=\"title\">Funciones<\/h2>\n\t\t\t\t\t\t\t\t\t\t\n\t\t\t\t\t\t\t\t\n\t\t\t\t\n\t\t\t<\/div>\n\n\t\t\t\t<\/div>\n\t\t\t\t<\/div>\n\t\t\t\t<div class=\"elementor-element elementor-element-e1bf821 elementor-icon-list--layout-traditional elementor-list-item-link-full_width elementor-widget elementor-widget-icon-list\" data-id=\"e1bf821\" data-element_type=\"widget\" data-widget_type=\"icon-list.default\">\n\t\t\t\t<div class=\"elementor-widget-container\">\n\t\t\t<link rel=\"stylesheet\" href=\"https:\/\/www.emmsa.com.pe\/wp-content\/plugins\/elementor\/assets\/css\/widget-icon-list.min.css\">\t\t<ul class=\"elementor-icon-list-items\">\n\t\t\t\t\t\t\t<li class=\"elementor-icon-list-item\">\n\t\t\t\t\t\t\t\t\t\t\t<span class=\"elementor-icon-list-icon\">\n\t\t\t\t\t\t\t<svg aria-hidden=\"true\" class=\"e-font-icon-svg e-fas-check-double\" viewBox=\"0 0 512 512\" xmlns=\"http:\/\/www.w3.org\/2000\/svg\"><path d=\"M505 174.8l-39.6-39.6c-9.4-9.4-24.6-9.4-33.9 0L192 374.7 80.6 263.2c-9.4-9.4-24.6-9.4-33.9 0L7 302.9c-9.4 9.4-9.4 24.6 0 34L175 505c9.4 9.4 24.6 9.4 33.9 0l296-296.2c9.4-9.5 9.4-24.7.1-34zm-324.3 106c6.2 6.3 16.4 6.3 22.6 0l208-208.2c6.2-6.3 6.2-16.4 0-22.6L366.1 4.7c-6.2-6.3-16.4-6.3-22.6 0L192 156.2l-55.4-55.5c-6.2-6.3-16.4-6.3-22.6 0L68.7 146c-6.2 6.3-6.2 16.4 0 22.6l112 112.2z\"><\/path><\/svg>\t\t\t\t\t\t<\/span>\n\t\t\t\t\t\t\t\t\t\t<span class=\"elementor-icon-list-text\">Administrar los mercados a su cargo, pudiendo ejecutar y coordinar acciones en el entorno de influencia de los mismos<\/span>\n\t\t\t\t\t\t\t\t\t<\/li>\n\t\t\t\t\t\t\t\t<li class=\"elementor-icon-list-item\">\n\t\t\t\t\t\t\t\t\t\t\t<span class=\"elementor-icon-list-icon\">\n\t\t\t\t\t\t\t<svg aria-hidden=\"true\" class=\"e-font-icon-svg e-fas-check-double\" viewBox=\"0 0 512 512\" xmlns=\"http:\/\/www.w3.org\/2000\/svg\"><path d=\"M505 174.8l-39.6-39.6c-9.4-9.4-24.6-9.4-33.9 0L192 374.7 80.6 263.2c-9.4-9.4-24.6-9.4-33.9 0L7 302.9c-9.4 9.4-9.4 24.6 0 34L175 505c9.4 9.4 24.6 9.4 33.9 0l296-296.2c9.4-9.5 9.4-24.7.1-34zm-324.3 106c6.2 6.3 16.4 6.3 22.6 0l208-208.2c6.2-6.3 6.2-16.4 0-22.6L366.1 4.7c-6.2-6.3-16.4-6.3-22.6 0L192 156.2l-55.4-55.5c-6.2-6.3-16.4-6.3-22.6 0L68.7 146c-6.2 6.3-6.2 16.4 0 22.6l112 112.2z\"><\/path><\/svg>\t\t\t\t\t\t<\/span>\n\t\t\t\t\t\t\t\t\t\t<span class=\"elementor-icon-list-text\">Proyectar, construir, administrar y actuar como ente supervisor de los nuevos mercados de la ciudad de Lima<\/span>\n\t\t\t\t\t\t\t\t\t<\/li>\n\t\t\t\t\t\t\t\t<li class=\"elementor-icon-list-item\">\n\t\t\t\t\t\t\t\t\t\t\t<span class=\"elementor-icon-list-icon\">\n\t\t\t\t\t\t\t<svg aria-hidden=\"true\" class=\"e-font-icon-svg e-fas-check-double\" viewBox=\"0 0 512 512\" xmlns=\"http:\/\/www.w3.org\/2000\/svg\"><path d=\"M505 174.8l-39.6-39.6c-9.4-9.4-24.6-9.4-33.9 0L192 374.7 80.6 263.2c-9.4-9.4-24.6-9.4-33.9 0L7 302.9c-9.4 9.4-9.4 24.6 0 34L175 505c9.4 9.4 24.6 9.4 33.9 0l296-296.2c9.4-9.5 9.4-24.7.1-34zm-324.3 106c6.2 6.3 16.4 6.3 22.6 0l208-208.2c6.2-6.3 6.2-16.4 0-22.6L366.1 4.7c-6.2-6.3-16.4-6.3-22.6 0L192 156.2l-55.4-55.5c-6.2-6.3-16.4-6.3-22.6 0L68.7 146c-6.2 6.3-6.2 16.4 0 22.6l112 112.2z\"><\/path><\/svg>\t\t\t\t\t\t<\/span>\n\t\t\t\t\t\t\t\t\t\t<span class=\"elementor-icon-list-text\">Apoyar a trav\u00e9s de sistemas de asesor\u00eda y\/o consultor\u00eda la construcci\u00f3n de nuevos mercados en las principales ciudades del pa\u00eds.<\/span>\n\t\t\t\t\t\t\t\t\t<\/li>\n\t\t\t\t\t\t\t\t<li class=\"elementor-icon-list-item\">\n\t\t\t\t\t\t\t\t\t\t\t<span class=\"elementor-icon-list-icon\">\n\t\t\t\t\t\t\t<svg aria-hidden=\"true\" class=\"e-font-icon-svg e-fas-check-double\" viewBox=\"0 0 512 512\" xmlns=\"http:\/\/www.w3.org\/2000\/svg\"><path d=\"M505 174.8l-39.6-39.6c-9.4-9.4-24.6-9.4-33.9 0L192 374.7 80.6 263.2c-9.4-9.4-24.6-9.4-33.9 0L7 302.9c-9.4 9.4-9.4 24.6 0 34L175 505c9.4 9.4 24.6 9.4 33.9 0l296-296.2c9.4-9.5 9.4-24.7.1-34zm-324.3 106c6.2 6.3 16.4 6.3 22.6 0l208-208.2c6.2-6.3 6.2-16.4 0-22.6L366.1 4.7c-6.2-6.3-16.4-6.3-22.6 0L192 156.2l-55.4-55.5c-6.2-6.3-16.4-6.3-22.6 0L68.7 146c-6.2 6.3-6.2 16.4 0 22.6l112 112.2z\"><\/path><\/svg>\t\t\t\t\t\t<\/span>\n\t\t\t\t\t\t\t\t\t\t<span class=\"elementor-icon-list-text\">Normar el comercio mayorista de productos alimenticios en general en la provincia de Lima.<\/span>\n\t\t\t\t\t\t\t\t\t<\/li>\n\t\t\t\t\t\t<\/ul>\n\t\t\t\t<\/div>\n\t\t\t\t<\/div>\n\t\t\t\t\t<\/div>\n\t\t<\/div>\n\t\t\t\t\t<\/div>\n\t\t<\/section>\n\t\t\t\t<\/div>\n\t\t","protected":false},"excerpt":{"rendered":"<p>NUESTRA HISTORIA Empresa Municipal de Mercados SA. 10 abril 1980 Historia de Emmsa La Empresa de Mercados Mayoristas S.A. (EMMSA) tiene inicio en el a\u00f1o 1980, a ra\u00edz de la liquidaci\u00f3n de la Empresa P\u00fablica de Servicios Agropecuarios (EPSA), como una empresa de propiedad directa del Estado asignada al Ministerio de Agricultura, hasta que mediante [&hellip;]<\/p>\n","protected":false},"author":1,"featured_media":0,"parent":0,"menu_order":0,"comment_status":"closed","ping_status":"closed","template":"elementor_header_footer","meta":{"footnotes":""},"class_list":["post-17132","page","type-page","status-publish","hentry"],"_links":{"self":[{"href":"https:\/\/www.emmsa.com.pe\/index.php\/wp-json\/wp\/v2\/pages\/17132","targetHints":{"allow":["GET"]}}],"collection":[{"href":"https:\/\/www.emmsa.com.pe\/index.php\/wp-json\/wp\/v2\/pages"}],"about":[{"href":"https:\/\/www.emmsa.com.pe\/index.php\/wp-json\/wp\/v2\/types\/page"}],"author":[{"embeddable":true,"href":"https:\/\/www.emmsa.com.pe\/index.php\/wp-json\/wp\/v2\/users\/1"}],"replies":[{"embeddable":true,"href":"https:\/\/www.emmsa.com.pe\/index.php\/wp-json\/wp\/v2\/comments?post=17132"}],"version-history":[{"count":101,"href":"https:\/\/www.emmsa.com.pe\/index.php\/wp-json\/wp\/v2\/pages\/17132\/revisions"}],"predecessor-version":[{"id":20072,"href":"https:\/\/www.emmsa.com.pe\/index.php\/wp-json\/wp\/v2\/pages\/17132\/revisions\/20072"}],"wp:attachment":[{"href":"https:\/\/www.emmsa.com.pe\/index.php\/wp-json\/wp\/v2\/media?parent=17132"}],"curies":[{"name":"wp","href":"https:\/\/api.w.org\/{rel}","templated":true}]}}