{"id":19683,"date":"2025-09-04T15:06:40","date_gmt":"2025-09-04T13:06:40","guid":{"rendered":"https:\/\/www.emmsa.com.pe\/?page_id=19683"},"modified":"2025-10-31T05:42:13","modified_gmt":"2025-10-31T04:42:13","slug":"subasta-publica_2","status":"publish","type":"page","link":"https:\/\/www.emmsa.com.pe\/index.php\/subasta-publica_2\/","title":{"rendered":"Subasta P\u00fablica"},"content":{"rendered":"\t\t<div data-elementor-type=\"wp-page\" data-elementor-id=\"19683\" class=\"elementor elementor-19683\" data-elementor-post-type=\"page\">\n\t\t\t\t\t\t<section class=\"elementor-section elementor-top-section elementor-element elementor-element-b5e2396 elementor-section-boxed elementor-section-height-default elementor-section-height-default\" data-id=\"b5e2396\" data-element_type=\"section\">\n\t\t\t\t\t\t<div class=\"elementor-container elementor-column-gap-default\">\n\t\t\t\t\t<div class=\"elementor-column elementor-col-100 elementor-top-column elementor-element elementor-element-56dd7f3\" data-id=\"56dd7f3\" data-element_type=\"column\">\n\t\t\t<div class=\"elementor-widget-wrap elementor-element-populated\">\n\t\t\t\t\t\t<div class=\"elementor-element elementor-element-47d0303 elementor-widget elementor-widget-heading\" data-id=\"47d0303\" data-element_type=\"widget\" data-widget_type=\"heading.default\">\n\t\t\t\t<div class=\"elementor-widget-container\">\n\t\t\t<style>\/*! elementor - v3.23.0 - 05-08-2024 *\/\n.elementor-heading-title{padding:0;margin:0;line-height:1}.elementor-widget-heading .elementor-heading-title[class*=elementor-size-]>a{color:inherit;font-size:inherit;line-height:inherit}.elementor-widget-heading .elementor-heading-title.elementor-size-small{font-size:15px}.elementor-widget-heading .elementor-heading-title.elementor-size-medium{font-size:19px}.elementor-widget-heading .elementor-heading-title.elementor-size-large{font-size:29px}.elementor-widget-heading .elementor-heading-title.elementor-size-xl{font-size:39px}.elementor-widget-heading .elementor-heading-title.elementor-size-xxl{font-size:59px}<\/style><h2 class=\"elementor-heading-title elementor-size-default\">SUBASTA P\u00daBLICA DEL PABELLON B2-2025-EMMSA (Segunda Convocatoria)<\/h2>\t\t<\/div>\n\t\t\t\t<\/div>\n\t\t\t\t<div class=\"elementor-element elementor-element-216e889 elementor-widget elementor-widget-text-editor\" data-id=\"216e889\" data-element_type=\"widget\" data-widget_type=\"text-editor.default\">\n\t\t\t\t<div class=\"elementor-widget-container\">\n\t\t\t<style>\/*! elementor - v3.23.0 - 05-08-2024 *\/\n.elementor-widget-text-editor.elementor-drop-cap-view-stacked .elementor-drop-cap{background-color:#69727d;color:#fff}.elementor-widget-text-editor.elementor-drop-cap-view-framed .elementor-drop-cap{color:#69727d;border:3px solid;background-color:transparent}.elementor-widget-text-editor:not(.elementor-drop-cap-view-default) .elementor-drop-cap{margin-top:8px}.elementor-widget-text-editor:not(.elementor-drop-cap-view-default) .elementor-drop-cap-letter{width:1em;height:1em}.elementor-widget-text-editor .elementor-drop-cap{float:left;text-align:center;line-height:1;font-size:50px}.elementor-widget-text-editor .elementor-drop-cap-letter{display:inline-block}<\/style>\t\t\t\tNOTAS INFORMATIVAS\n<ul>\n \t<li><a role=\"link\" href=\"https:\/\/www.emmsa.com.pe\/files_\/subastas\/2025\/2da\/presentacio_resultados_buenapro.pdf\" target=\"_blank\" rel=\"noopener\">Presentaci\u00f3n de Resultados y Adjudicaci\u00f3n de la Buena Pro \u2013 Subasta P\u00fablica 2025 (Segunda Convocatoria)<\/a> <strong><em><span style=\"color: #ff0000;\">(Nuevo)<\/span><\/em><\/strong><\/li>\n \t<li><a role=\"link\" href=\"https:\/\/www.emmsa.com.pe\/files_\/subastas\/2025\/2da\/PROPUESTA_Tecnica_puntajes.pdf\" target=\"_blank\" rel=\"noopener\">Comunicado 4: Resultados &#8211; Puntajes de las propuesta t\u00e9cnicas de la Subasta P\u00fablica 2025 &#8211; Segunda Convocatoria <\/a><\/li>\n \t<li><a role=\"link\" href=\"https:\/\/www.emmsa.com.pe\/files_\/subastas\/2025\/2da\/ACTA_N10 -SUBAS.pdf\" target=\"_blank\" rel=\"noopener\">Comunicado 3: Resultados de la Subsanaci\u00f3n de la Propuesta T\u00e9cnica de la Subasta P\u00fablica 2025 &#8211; Segunda Convocatoria <\/a><\/li>\n \t<li><a role=\"link\" href=\"https:\/\/www.emmsa.com.pe\/files_\/subastas\/2025\/2da\/ACTA_DE_EVALUACI_CALIFICAC_DE_LAS_PROPUESTAS_TeCNICAS.pdf\" target=\"_blank\" rel=\"noopener\">Comunicado 2: Acta de Evaluaci\u00f3n, Calificaci\u00f3n de las Propuestas T\u00e9cnicas y Publicaci\u00f3n de Resultados de la Subasta P\u00fablica 2025 &#8211; Segunda Convocatoria <\/a><\/li>\n \t<li><a role=\"link\" href=\"https:\/\/www.emmsa.com.pe\/files_\/subastas\/2025\/2da\/MODIFIC-CRONOGRAMA_SUBASTA_PUBLICA_(SEGUNDA_CONVOCATORIA).pdf\" target=\"_blank\" rel=\"noopener\">Comunicado 1: Modificaci\u00f3n del Cronograma de la Subasta P\u00fablica 2025 &#8211; Segunda Convocatoria<\/a><\/li>\n \t<li><a role=\"link\" href=\"https:\/\/www.emmsa.com.pe\/files_\/subastas\/2025\/2da\/CRONOGRAMA_SUBASTA_PUBLICA_(SEGUNDA_CONVOCATORIA).pdf\" target=\"_blank\" rel=\"noopener\">Anexo 2: Cronograma de la Subasta P\u00fablica 2025 &#8211; Segunda Convocatoria<\/a><\/li>\n<\/ul>\nRESPUESTAS DE CONSULTAS Y OBSERVACIONES\n<ul>\n \t<li><a href=\"https:\/\/www.emmsa.com.pe\/files_\/subastas\/2025\/2da\/CONSULTAS_RESPUE_OBSER_SUBAS.pdf\" target=\"_blank\" rel=\"noopener\">Respuestas de Consultas y Observaciones de la Subasta P\u00fablica Pabell\u00f3n B2 2025 (Segunda Convocatoria) <\/a><\/li>\n<\/ul>\nBASES INTEGRADAS\n<ul>\n \t<li><a href=\"https:\/\/www.emmsa.com.pe\/files_\/subastas\/2025\/2da\/BASES_INTEGRADAS_subas_2025_segunda_conv.pdf\" target=\"_blank\" rel=\"noopener\">Bases Administrativas Integradas de la Subasta P\u00fablica Pabell\u00f3n B2 2025 (Segunda Convocatoria)<\/a><\/li>\n<\/ul>\t\t\t\t\t\t<\/div>\n\t\t\t\t<\/div>\n\t\t\t\t\t<\/div>\n\t\t<\/div>\n\t\t\t\t\t<\/div>\n\t\t<\/section>\n\t\t\t\t<section class=\"elementor-section elementor-top-section elementor-element elementor-element-809553e elementor-section-boxed elementor-section-height-default elementor-section-height-default\" data-id=\"809553e\" data-element_type=\"section\">\n\t\t\t\t\t\t<div class=\"elementor-container elementor-column-gap-default\">\n\t\t\t\t\t<div class=\"elementor-column elementor-col-100 elementor-top-column elementor-element elementor-element-65d40bf\" data-id=\"65d40bf\" data-element_type=\"column\">\n\t\t\t<div class=\"elementor-widget-wrap elementor-element-populated\">\n\t\t\t\t\t\t<div class=\"elementor-element elementor-element-6c4d0ce elementor-widget elementor-widget-text-editor\" data-id=\"6c4d0ce\" data-element_type=\"widget\" data-widget_type=\"text-editor.default\">\n\t\t\t\t<div class=\"elementor-widget-container\">\n\t\t\t\t\t\t\t<p style=\"text-align: right;\"><a href=\"https:\/\/www.emmsa.com.pe\/index.php\/subasta-publica2\/\" target=\"_blank\" rel=\"noopener\">Historial de Subasta P\u00fablica &#8211; EMMSA<\/a><\/p>\t\t\t\t\t\t<\/div>\n\t\t\t\t<\/div>\n\t\t\t\t\t<\/div>\n\t\t<\/div>\n\t\t\t\t\t<\/div>\n\t\t<\/section>\n\t\t\t\t<\/div>\n\t\t","protected":false},"excerpt":{"rendered":"<p>SUBASTA P\u00daBLICA DEL PABELLON B2-2025-EMMSA (Segunda Convocatoria) NOTAS INFORMATIVAS Presentaci\u00f3n de Resultados y Adjudicaci\u00f3n de la Buena Pro \u2013 Subasta P\u00fablica 2025 (Segunda Convocatoria) (Nuevo) Comunicado 4: Resultados &#8211; Puntajes de las propuesta t\u00e9cnicas de la Subasta P\u00fablica 2025 &#8211; Segunda Convocatoria Comunicado 3: Resultados de la Subsanaci\u00f3n de la Propuesta T\u00e9cnica de la Subasta [&hellip;]<\/p>\n","protected":false},"author":1,"featured_media":0,"parent":0,"menu_order":0,"comment_status":"closed","ping_status":"closed","template":"elementor_header_footer","meta":{"footnotes":""},"class_list":["post-19683","page","type-page","status-publish","hentry"],"_links":{"self":[{"href":"https:\/\/www.emmsa.com.pe\/index.php\/wp-json\/wp\/v2\/pages\/19683","targetHints":{"allow":["GET"]}}],"collection":[{"href":"https:\/\/www.emmsa.com.pe\/index.php\/wp-json\/wp\/v2\/pages"}],"about":[{"href":"https:\/\/www.emmsa.com.pe\/index.php\/wp-json\/wp\/v2\/types\/page"}],"author":[{"embeddable":true,"href":"https:\/\/www.emmsa.com.pe\/index.php\/wp-json\/wp\/v2\/users\/1"}],"replies":[{"embeddable":true,"href":"https:\/\/www.emmsa.com.pe\/index.php\/wp-json\/wp\/v2\/comments?post=19683"}],"version-history":[{"count":359,"href":"https:\/\/www.emmsa.com.pe\/index.php\/wp-json\/wp\/v2\/pages\/19683\/revisions"}],"predecessor-version":[{"id":21764,"href":"https:\/\/www.emmsa.com.pe\/index.php\/wp-json\/wp\/v2\/pages\/19683\/revisions\/21764"}],"wp:attachment":[{"href":"https:\/\/www.emmsa.com.pe\/index.php\/wp-json\/wp\/v2\/media?parent=19683"}],"curies":[{"name":"wp","href":"https:\/\/api.w.org\/{rel}","templated":true}]}}